{"id":3,"date":"2020-11-19T10:44:20","date_gmt":"2020-11-19T10:44:20","guid":{"rendered":"https:\/\/www.starflite.de\/?page_id=3"},"modified":"2021-01-18T09:40:16","modified_gmt":"2021-01-18T09:40:16","slug":"privacy-policy","status":"publish","type":"page","link":"https:\/\/www.starflite.de\/?page_id=3","title":{"rendered":"Datenschutz"},"content":{"rendered":"<p>Datenschutz www.starflite.de<\/p>\n<p>ich nehme den Schutz Ihrer pers\u00f6nlichen Daten sehr ernst und halte mich strikt an die Regeln der Datenschutzgesetze. Personenbezogene Daten werden auf dieser Webseite nur im technisch notwendigen Umfang erhoben. In keinem Fall werden die erhobenen Daten verkauft oder aus anderen Gr\u00fcnden an Dritte weitergegeben.<\/p>\n<p>Die nachfolgende Erkl\u00e4rung gibt Ihnen einen \u00dcberblick dar\u00fcber, wie ich diesen Schutz gew\u00e4hrleisten und welche Art von Daten zu welchem Zweck erhoben werden.<\/p>\n<p>Datenverarbeitung auf dieser Internetseite<br \/>\nwww.starflite.de erhebt und speichert automatisch in ihren Server Log Files Informationen, die Ihr Browser an uns \u00fcbermittelt. Dies sind:<\/p>\n<p>Browsertyp\/ -version<br \/>\nverwendetes Betriebssystem<br \/>\nReferrer URL (die zuvor besuchte Seite)<br \/>\nHostname des zugreifenden Rechners (IP Adresse)<br \/>\nUhrzeit der Serveranfrage.<br \/>\nDiese Daten sind f\u00fcr (Anbieterin) nicht bestimmten Personen zuordenbar. Eine Zusammenf\u00fchrung dieser Daten mit anderen Datenquellen wird nicht vorgenommen.<\/p>\n<p>Cookies<br \/>\nDie Internetseite verwendet so genannte Cookies. Sie dienen dazu, unser Angebot nutzerfreundlicher, effektiver und sicherer zu machen. Cookies sind kleine Textdateien, die auf Ihrem Rechner abgelegt werden und die Ihr Browser speichert. Die meisten der von uns verwendeten Cookies sind so genannte \u201eSession-Cookies\u201c. Sie werden nach Ende Ihres Besuchs automatisch gel\u00f6scht. Cookies richten auf Ihrem Rechner keinen Schaden an und enthalten keine Viren.<\/p>\n<p>YouTube<br \/>\nMeine Website nutzt Plugins der von Google betriebenen Seite YouTube. Betreiber der Seiten ist die YouTube, LLC, 901 Cherry Ave., San Bruno, CA 94066, USA. Wenn Sie meine mit einem YouTube-Plugin ausgestatteten Seite besuchen, wird eine Verbindung zu den Servern von YouTube hergestellt. Dabei wird dem YouTube-Server mitgeteilt, welche\u00a0 Seiten Sie besucht haben. Wenn Sie in Ihrem YouTube-Account eingeloggt sind, erm\u00f6glichen Sie YouTube, Ihr Surfverhalten direkt Ihrem pers\u00f6nlichen Profil zuzuordnen. Dies k\u00f6nnen Sie verhindern, indem Sie sich aus Ihrem YouTube-Account ausloggen. Die Nutzung von YouTube erfolgt im Interesse einer ansprechenden Darstellung unserer Online-Angebote. Dies stellt ein berechtigtes Interesse im Sinne von Art. 6 Abs. 1 lit. f DSGVO dar. Weitere Informationen zum Umgang mit Nutzerdaten finden Sie in der Datenschutzerkl\u00e4rung von YouTube unter: https:\/\/www.google.de\/intl\/de\/policies\/privacy.<\/p>\n<p>Auskunftsrecht<br \/>\nSie haben jederzeit das Recht auf Auskunft \u00fcber die bez\u00fcglich Ihrer Person gespeicherten Daten, deren Herkunft und Empf\u00e4nger sowie den Zweck der Datenverarbeitung. Auskunft \u00fcber die gespeicherten Daten k\u00f6nnen Sie unter info@starflite.de <span id=\"cloak7baf9abffe734fb86decef484f1d49ec\"><\/span> anfordern.<\/p>\n<p>Weitere Informationen<br \/>\nIhr Vertrauen ist mir wichtig. Daher m\u00f6chte ich Ihnen jederzeit Rede und Antwort bez\u00fcglich der Verarbeitung Ihrer personenbezogenen Daten stehen. Wenn Sie Fragen haben, die Ihnen diese Datenschutzerkl\u00e4rung nicht beantworten konnte oder wenn Sie zu einem Punkt vertiefte Informationen w\u00fcnschen, wenden Sie sich bitte mit einer E-Mail an\u00a0info@starflite.de.<\/p>\n","protected":false},"excerpt":{"rendered":"<p>Datenschutz www.starflite.de ich nehme den Schutz Ihrer pers\u00f6nlichen Daten sehr ernst und halte mich strikt an die Regeln der Datenschutzgesetze. Personenbezogene Daten werden auf dieser Webseite nur im technisch notwendigen Umfang erhoben. In keinem Fall werden die erhobenen Daten verkauft &hellip; <a href=\"https:\/\/www.starflite.de\/?page_id=3\">Weiterlesen <span class=\"meta-nav\">&rarr;<\/span><\/a><\/p>\n","protected":false},"author":1,"featured_media":0,"parent":0,"menu_order":0,"comment_status":"closed","ping_status":"closed","template":"","meta":{"_themeisle_gutenberg_block_has_review":false,"footnotes":""},"class_list":["post-3","page","type-page","status-publish","hentry"],"yoast_head":"<!-- This site is optimized with the Yoast SEO plugin v27.4 - https:\/\/yoast.com\/product\/yoast-seo-wordpress\/ -->\n<title>Datenschutz - Starflite Mofa und Moped<\/title>\n<meta name=\"robots\" content=\"index, follow, max-snippet:-1, max-image-preview:large, max-video-preview:-1\" \/>\n<link rel=\"canonical\" href=\"https:\/\/www.starflite.de\/?page_id=3\" \/>\n<meta property=\"og:locale\" content=\"de_DE\" \/>\n<meta property=\"og:type\" content=\"article\" \/>\n<meta property=\"og:title\" content=\"Datenschutz - Starflite Mofa und Moped\" \/>\n<meta property=\"og:description\" content=\"Datenschutz www.starflite.de ich nehme den Schutz Ihrer pers\u00f6nlichen Daten sehr ernst und halte mich strikt an die Regeln der Datenschutzgesetze. Personenbezogene Daten werden auf dieser Webseite nur im technisch notwendigen Umfang erhoben. In keinem Fall werden die erhobenen Daten verkauft &hellip; Weiterlesen &rarr;\" \/>\n<meta property=\"og:url\" content=\"https:\/\/www.starflite.de\/?page_id=3\" \/>\n<meta property=\"og:site_name\" content=\"Starflite Mofa und Moped\" \/>\n<meta property=\"article:modified_time\" content=\"2021-01-18T09:40:16+00:00\" \/>\n<meta name=\"twitter:card\" content=\"summary_large_image\" \/>\n<meta name=\"twitter:label1\" content=\"Gesch\u00e4tzte Lesezeit\" \/>\n\t<meta name=\"twitter:data1\" content=\"2\u00a0Minuten\" \/>\n<script type=\"application\/ld+json\" class=\"yoast-schema-graph\">{\"@context\":\"https:\\\/\\\/schema.org\",\"@graph\":[{\"@type\":\"WebPage\",\"@id\":\"https:\\\/\\\/www.starflite.de\\\/?page_id=3\",\"url\":\"https:\\\/\\\/www.starflite.de\\\/?page_id=3\",\"name\":\"Datenschutz - Starflite Mofa und Moped\",\"isPartOf\":{\"@id\":\"https:\\\/\\\/www.starflite.de\\\/#website\"},\"datePublished\":\"2020-11-19T10:44:20+00:00\",\"dateModified\":\"2021-01-18T09:40:16+00:00\",\"breadcrumb\":{\"@id\":\"https:\\\/\\\/www.starflite.de\\\/?page_id=3#breadcrumb\"},\"inLanguage\":\"de\",\"potentialAction\":[{\"@type\":\"ReadAction\",\"target\":[\"https:\\\/\\\/www.starflite.de\\\/?page_id=3\"]}]},{\"@type\":\"BreadcrumbList\",\"@id\":\"https:\\\/\\\/www.starflite.de\\\/?page_id=3#breadcrumb\",\"itemListElement\":[{\"@type\":\"ListItem\",\"position\":1,\"name\":\"Startseite\",\"item\":\"https:\\\/\\\/www.starflite.de\\\/\"},{\"@type\":\"ListItem\",\"position\":2,\"name\":\"Datenschutz\"}]},{\"@type\":\"WebSite\",\"@id\":\"https:\\\/\\\/www.starflite.de\\\/#website\",\"url\":\"https:\\\/\\\/www.starflite.de\\\/\",\"name\":\"Starflite Mofa und Moped\",\"description\":\"Starflite die untersch\u00e4tzten Mofas &amp; Mopeds\",\"potentialAction\":[{\"@type\":\"SearchAction\",\"target\":{\"@type\":\"EntryPoint\",\"urlTemplate\":\"https:\\\/\\\/www.starflite.de\\\/?s={search_term_string}\"},\"query-input\":{\"@type\":\"PropertyValueSpecification\",\"valueRequired\":true,\"valueName\":\"search_term_string\"}}],\"inLanguage\":\"de\"}]}<\/script>\n<!-- \/ Yoast SEO plugin. -->","yoast_head_json":{"title":"Datenschutz - Starflite Mofa und Moped","robots":{"index":"index","follow":"follow","max-snippet":"max-snippet:-1","max-image-preview":"max-image-preview:large","max-video-preview":"max-video-preview:-1"},"canonical":"https:\/\/www.starflite.de\/?page_id=3","og_locale":"de_DE","og_type":"article","og_title":"Datenschutz - Starflite Mofa und Moped","og_description":"Datenschutz www.starflite.de ich nehme den Schutz Ihrer pers\u00f6nlichen Daten sehr ernst und halte mich strikt an die Regeln der Datenschutzgesetze. Personenbezogene Daten werden auf dieser Webseite nur im technisch notwendigen Umfang erhoben. In keinem Fall werden die erhobenen Daten verkauft &hellip; Weiterlesen &rarr;","og_url":"https:\/\/www.starflite.de\/?page_id=3","og_site_name":"Starflite Mofa und Moped","article_modified_time":"2021-01-18T09:40:16+00:00","twitter_card":"summary_large_image","twitter_misc":{"Gesch\u00e4tzte Lesezeit":"2\u00a0Minuten"},"schema":{"@context":"https:\/\/schema.org","@graph":[{"@type":"WebPage","@id":"https:\/\/www.starflite.de\/?page_id=3","url":"https:\/\/www.starflite.de\/?page_id=3","name":"Datenschutz - Starflite Mofa und Moped","isPartOf":{"@id":"https:\/\/www.starflite.de\/#website"},"datePublished":"2020-11-19T10:44:20+00:00","dateModified":"2021-01-18T09:40:16+00:00","breadcrumb":{"@id":"https:\/\/www.starflite.de\/?page_id=3#breadcrumb"},"inLanguage":"de","potentialAction":[{"@type":"ReadAction","target":["https:\/\/www.starflite.de\/?page_id=3"]}]},{"@type":"BreadcrumbList","@id":"https:\/\/www.starflite.de\/?page_id=3#breadcrumb","itemListElement":[{"@type":"ListItem","position":1,"name":"Startseite","item":"https:\/\/www.starflite.de\/"},{"@type":"ListItem","position":2,"name":"Datenschutz"}]},{"@type":"WebSite","@id":"https:\/\/www.starflite.de\/#website","url":"https:\/\/www.starflite.de\/","name":"Starflite Mofa und Moped","description":"Starflite die untersch\u00e4tzten Mofas &amp; Mopeds","potentialAction":[{"@type":"SearchAction","target":{"@type":"EntryPoint","urlTemplate":"https:\/\/www.starflite.de\/?s={search_term_string}"},"query-input":{"@type":"PropertyValueSpecification","valueRequired":true,"valueName":"search_term_string"}}],"inLanguage":"de"}]}},"_links":{"self":[{"href":"https:\/\/www.starflite.de\/index.php?rest_route=\/wp\/v2\/pages\/3","targetHints":{"allow":["GET"]}}],"collection":[{"href":"https:\/\/www.starflite.de\/index.php?rest_route=\/wp\/v2\/pages"}],"about":[{"href":"https:\/\/www.starflite.de\/index.php?rest_route=\/wp\/v2\/types\/page"}],"author":[{"embeddable":true,"href":"https:\/\/www.starflite.de\/index.php?rest_route=\/wp\/v2\/users\/1"}],"replies":[{"embeddable":true,"href":"https:\/\/www.starflite.de\/index.php?rest_route=%2Fwp%2Fv2%2Fcomments&post=3"}],"version-history":[{"count":4,"href":"https:\/\/www.starflite.de\/index.php?rest_route=\/wp\/v2\/pages\/3\/revisions"}],"predecessor-version":[{"id":462,"href":"https:\/\/www.starflite.de\/index.php?rest_route=\/wp\/v2\/pages\/3\/revisions\/462"}],"wp:attachment":[{"href":"https:\/\/www.starflite.de\/index.php?rest_route=%2Fwp%2Fv2%2Fmedia&parent=3"}],"curies":[{"name":"wp","href":"https:\/\/api.w.org\/{rel}","templated":true}]}}